{"id":211,"date":"2023-08-07T11:22:29","date_gmt":"2023-08-07T09:22:29","guid":{"rendered":"https:\/\/jumpers.work\/isla-morada\/?page_id=211"},"modified":"2025-06-30T14:23:35","modified_gmt":"2025-06-30T12:23:35","slug":"politica-de-privacidad","status":"publish","type":"page","link":"https:\/\/islamoradatapasbar.com\/en\/politica-de-privacidad\/","title":{"rendered":"Privacy Policy"},"content":{"rendered":"\t\t<div data-elementor-type=\"wp-page\" data-elementor-id=\"211\" class=\"elementor elementor-211\" data-elementor-post-type=\"page\">\n\t\t\t\t\t\t<section class=\"elementor-section elementor-top-section elementor-element elementor-element-5fda5715 elementor-section-boxed elementor-section-height-default elementor-section-height-default\" data-id=\"5fda5715\" data-element_type=\"section\" data-e-type=\"section\">\n\t\t\t\t\t\t<div class=\"elementor-container elementor-column-gap-default\">\n\t\t\t\t\t<div class=\"elementor-column elementor-col-100 elementor-top-column elementor-element elementor-element-5b6452d1\" data-id=\"5b6452d1\" data-element_type=\"column\" data-e-type=\"column\">\n\t\t\t<div class=\"elementor-widget-wrap elementor-element-populated\">\n\t\t\t\t\t\t<div class=\"elementor-element elementor-element-49a13875 elementor-widget__width-initial elementor-widget elementor-widget-heading\" data-id=\"49a13875\" data-element_type=\"widget\" data-e-type=\"widget\" data-settings=\"{&quot;motion_fx_motion_fx_scrolling&quot;:&quot;yes&quot;,&quot;motion_fx_devices&quot;:[&quot;desktop&quot;,&quot;tablet&quot;,&quot;mobile&quot;]}\" data-widget_type=\"heading.default\">\n\t\t\t\t<div class=\"elementor-widget-container\">\n\t\t\t\t\t<h2 class=\"elementor-heading-title elementor-size-default\">Pol\u00edtica de Privacidad<\/h2>\t\t\t\t<\/div>\n\t\t\t\t<\/div>\n\t\t\t\t<div class=\"elementor-element elementor-element-2838ef0f elementor-widget elementor-widget-text-editor\" data-id=\"2838ef0f\" data-element_type=\"widget\" data-e-type=\"widget\" data-widget_type=\"text-editor.default\">\n\t\t\t\t<div class=\"elementor-widget-container\">\n\t\t\t\t\t\t\t\t\t<p class=\"p1\"><b>Responsable. \u00bfQui\u00e9n va a tratar sus datos?<\/b><\/p>\n<p class=\"p3\"><b>Responsable<\/b>: Islamorada Beach S.L<\/p>\n<p class=\"p4\"><span class=\"s1\"><b>NIF<\/b>: <\/span>B-90452491<\/p>\n<p class=\"p5\"><span class=\"s1\"><b>Direcci\u00f3n<\/b>: <\/span>Avda. Rep\u00fablica Argentina 29B Planta 1 41011 de Sevilla<\/p>\n<p class=\"p6\"><b>E-mail de contacto<\/b>: dpo@lbo.legal<\/p>\n<p class=\"p1\"><b>Finalidad. \u00bfPara qu\u00e9 se usar\u00e1n sus datos?<\/b><\/p>\n<p class=\"p3\">En el caso de relacionarse econ\u00f3mica o administrativamente: para mantener nuestra relaci\u00f3n econ\u00f3mica y\/o administrativa.<\/p>\n<p class=\"p3\">Si Ud. se inscribe a nuestra newsletter o en nuestros formularios web: para el env\u00edo de publicaciones o informaci\u00f3n relativa a nuestras ofertas de trabajo.<span class=\"Apple-converted-space\">&nbsp;<\/span><\/p>\n<p class=\"p6\"><b>Plazos o criterios de conservaci\u00f3n. \u00bfPor cu\u00e1nto tiempo conservaremos sus datos?<\/b><\/p>\n<p class=\"p3\">En el caso de relacionarse econ\u00f3mica o administrativamente: durante cinco a\u00f1os desde la fecha de finalizaci\u00f3n de nuestra relaci\u00f3n: Art\u00edculo 1964 del C\u00f3digo Civil, en redacci\u00f3n dada por la Ley 42\/2015, de 5 de octubre, de reforma de la LEC.<\/p>\n<p class=\"p3\">Si Ud. se inscribe a nuestra newsletter o en nuestros formularios web: mientras no retire su consentimiento, o no ejercite su derecho de supresi\u00f3n.<\/p>\n<p class=\"p6\"><b>Legitimaci\u00f3n \u00bfPor qu\u00e9 estamos legitimados para tratar sus datos personales?<\/b><\/p>\n<p class=\"p3\">En el caso de relacionarse econ\u00f3mica o administrativamente: porque el tratamiento necesario para la ejecuci\u00f3n de un contrato (art\u00edculo 6.1.b) del Reglamento (UE) 2016\/679 General de Protecci\u00f3n de Datos).<\/p>\n<p class=\"p3\">Si Ud. se inscribe a nuestras nuestra newsletter o en nuestros formularios web: la legitimidad para tratar sus datos est\u00e1 basada en el consentimiento con el env\u00edo de los datos por parte del interesado (art\u00edculo 6.1.a) del Reglamento (UE) 2016\/679 General de Protecci\u00f3n de Datos.<\/p>\n<p class=\"p6\"><b>\u00bfA qu\u00e9 destinatarios se comunicar\u00e1n o transferir\u00e1n sus datos?<\/b><\/p>\n<p class=\"p3\">En el caso de relacionarse econ\u00f3mica o administrativamente: no est\u00e1 prevista la comunicaci\u00f3n de sus datos a terceros, excepto en los casos que sea necesario para el cumplimiento de obligaciones legales.<span class=\"Apple-converted-space\">&nbsp;<\/span><\/p>\n<p class=\"p3\">Si Ud. se inscribe a nuestras nuestra newsletter o en nuestros formularios web: no est\u00e1 prevista la comunicaci\u00f3n de sus datos a terceros, excepto en los casos que sea necesario para el cumplimiento de obligaciones legales.<span class=\"Apple-converted-space\">&nbsp;<\/span><\/p>\n<p class=\"p3\">No realizaremos ninguna transferencia internacional de los datos a terceros pa\u00edses ni a organizaciones internacionales.<\/p>\n<p class=\"p6\"><b>\u00bfCu\u00e1les son sus derechos cuando nos facilita sus datos y como puede ejercerlos?<\/b><\/p>\n<p class=\"p3\">Derecho de acceso: Derecho a obtener confirmaci\u00f3n sobre si estamos tratando datos personales que le conciernen o no.<\/p>\n<p class=\"p3\">Derecho de rectificaci\u00f3n: Derecho a solicitar la modificaci\u00f3n o rectificaci\u00f3n de sus datos en el caso de que sean inexactos<\/p>\n<p class=\"p3\">Derecho de supresi\u00f3n: Derecho a solicitar que sus datos sean borrados o suprimidos por tratamiento il\u00edcito de datos, por la desaparici\u00f3n de la finalidad que motiv\u00f3 el tratamiento o recogida o cuando revoca su consentimiento o se opone a que se traten.<\/p>\n<p class=\"p3\">Derecho de limitaci\u00f3n del tratamiento derecho a obtener la limitaci\u00f3n del tratamiento de los datos, cuando proceda alguna de las siguientes situaciones:<\/p>\n<p class=\"p3\">Si impugna la exactitud de los datos: Mientras se verifica dicha exactitud por nuestra parte.<\/p>\n<p class=\"p3\">Si ha ejercitado su derecho de oposici\u00f3n al tratamiento de datos: Mientras se verifica si los motivos leg\u00edtimos del responsable prevalecen sobre sus derechos.<\/p>\n<p class=\"p3\">Derecho de portabilidad de los datos: derecho a recibir tus datos personales en un formato estructurado, de uso com\u00fan y lectura mec\u00e1nica, siempre que sea t\u00e9cnicamente posible para su portabilidad, y cuando los hayan utilizado\/tratado con tu consentimiento o por existir un contrato.<\/p>\n<p class=\"p3\">\n<\/p><p class=\"p3\">Puede ejercer estos derechos, junto a una copia de un documento que acredite tu identidad, ante <a href=\"mailto:dpo@lbo-abogados.com\"><span class=\"s2\">dpo@lbo-abogados.com<\/span><\/a>.<\/p>\n<p class=\"p3\">Adem\u00e1s, tiene derecho a revocar el consentimiento prestado y a presentar una reclamaci\u00f3n ante la Agencia Espa\u00f1ola de Protecci\u00f3n de Datos.<\/p>\t\t\t\t\t\t\t\t<\/div>\n\t\t\t\t<\/div>\n\t\t\t\t\t<\/div>\n\t\t<\/div>\n\t\t\t\t\t<\/div>\n\t\t<\/section>\n\t\t\t\t<\/div>\n\t\t","protected":false},"excerpt":{"rendered":"<p>Pol\u00edtica de Privacidad Responsable. \u00bfQui\u00e9n va a tratar sus datos? Responsable: Islamorada Beach S.L NIF: B-90452491 Direcci\u00f3n: Avda. Rep\u00fablica Argentina 29B Planta 1 41011 de Sevilla E-mail de contacto: dpo@lbo.legal Finalidad. \u00bfPara qu\u00e9 se usar\u00e1n sus datos? En el caso de relacionarse econ\u00f3mica o administrativamente: para mantener nuestra relaci\u00f3n econ\u00f3mica y\/o administrativa. Si Ud. se [&hellip;]<\/p>\n","protected":false},"author":2,"featured_media":0,"parent":0,"menu_order":0,"comment_status":"closed","ping_status":"closed","template":"","meta":{"_joinchat":[],"footnotes":""},"class_list":["post-211","page","type-page","status-publish","hentry"],"yoast_head":"<!-- This site is optimized with the Yoast SEO plugin v27.3 - https:\/\/yoast.com\/product\/yoast-seo-wordpress\/ -->\n<title>Pol\u00edtica de Privacidad - Islamorada<\/title>\n<meta name=\"robots\" content=\"noindex, nofollow\" \/>\n<meta property=\"og:locale\" content=\"en_GB\" \/>\n<meta property=\"og:type\" content=\"article\" \/>\n<meta property=\"og:title\" content=\"Pol\u00edtica de Privacidad - Islamorada\" \/>\n<meta property=\"og:description\" content=\"Pol\u00edtica de Privacidad Responsable. \u00bfQui\u00e9n va a tratar sus datos? Responsable: Islamorada Beach S.L NIF: B-90452491 Direcci\u00f3n: Avda. Rep\u00fablica Argentina 29B Planta 1 41011 de Sevilla E-mail de contacto: dpo@lbo.legal Finalidad. \u00bfPara qu\u00e9 se usar\u00e1n sus datos? En el caso de relacionarse econ\u00f3mica o administrativamente: para mantener nuestra relaci\u00f3n econ\u00f3mica y\/o administrativa. Si Ud. se [&hellip;]\" \/>\n<meta property=\"og:url\" content=\"https:\/\/islamoradatapasbar.com\/en\/politica-de-privacidad\/\" \/>\n<meta property=\"og:site_name\" content=\"Islamorada\" \/>\n<meta property=\"article:publisher\" content=\"https:\/\/www.facebook.com\/islamoratapasbar\/\" \/>\n<meta property=\"article:modified_time\" content=\"2025-06-30T12:23:35+00:00\" \/>\n<meta name=\"twitter:card\" content=\"summary_large_image\" \/>\n<meta name=\"twitter:site\" content=\"@islamoradatapas\" \/>\n<meta name=\"twitter:label1\" content=\"Estimated reading time\" \/>\n\t<meta name=\"twitter:data1\" content=\"3 minutes\" \/>\n<script type=\"application\/ld+json\" class=\"yoast-schema-graph\">{\"@context\":\"https:\\\/\\\/schema.org\",\"@graph\":[{\"@type\":\"WebPage\",\"@id\":\"https:\\\/\\\/islamoradatapasbar.com\\\/politica-de-privacidad\\\/\",\"url\":\"https:\\\/\\\/islamoradatapasbar.com\\\/politica-de-privacidad\\\/\",\"name\":\"Pol\u00edtica de Privacidad - Islamorada\",\"isPartOf\":{\"@id\":\"https:\\\/\\\/islamoradatapasbar.com\\\/#website\"},\"datePublished\":\"2023-08-07T09:22:29+00:00\",\"dateModified\":\"2025-06-30T12:23:35+00:00\",\"breadcrumb\":{\"@id\":\"https:\\\/\\\/islamoradatapasbar.com\\\/politica-de-privacidad\\\/#breadcrumb\"},\"inLanguage\":\"en-GB\",\"potentialAction\":[{\"@type\":\"ReadAction\",\"target\":[\"https:\\\/\\\/islamoradatapasbar.com\\\/politica-de-privacidad\\\/\"]}]},{\"@type\":\"BreadcrumbList\",\"@id\":\"https:\\\/\\\/islamoradatapasbar.com\\\/politica-de-privacidad\\\/#breadcrumb\",\"itemListElement\":[{\"@type\":\"ListItem\",\"position\":1,\"name\":\"Home\",\"item\":\"https:\\\/\\\/islamoradatapasbar.com\\\/\"},{\"@type\":\"ListItem\",\"position\":2,\"name\":\"Pol\u00edtica de Privacidad\"}]},{\"@type\":\"WebSite\",\"@id\":\"https:\\\/\\\/islamoradatapasbar.com\\\/#website\",\"url\":\"https:\\\/\\\/islamoradatapasbar.com\\\/\",\"name\":\"Islamorada\",\"description\":\"\",\"publisher\":{\"@id\":\"https:\\\/\\\/islamoradatapasbar.com\\\/#organization\"},\"potentialAction\":[{\"@type\":\"SearchAction\",\"target\":{\"@type\":\"EntryPoint\",\"urlTemplate\":\"https:\\\/\\\/islamoradatapasbar.com\\\/?s={search_term_string}\"},\"query-input\":{\"@type\":\"PropertyValueSpecification\",\"valueRequired\":true,\"valueName\":\"search_term_string\"}}],\"inLanguage\":\"en-GB\"},{\"@type\":\"Organization\",\"@id\":\"https:\\\/\\\/islamoradatapasbar.com\\\/#organization\",\"name\":\"Islamorada\",\"url\":\"https:\\\/\\\/islamoradatapasbar.com\\\/\",\"logo\":{\"@type\":\"ImageObject\",\"inLanguage\":\"en-GB\",\"@id\":\"https:\\\/\\\/islamoradatapasbar.com\\\/#\\\/schema\\\/logo\\\/image\\\/\",\"url\":\"https:\\\/\\\/islamoradatapasbar.com\\\/wp-content\\\/uploads\\\/2023\\\/07\\\/logo-islamorada.png\",\"contentUrl\":\"https:\\\/\\\/islamoradatapasbar.com\\\/wp-content\\\/uploads\\\/2023\\\/07\\\/logo-islamorada.png\",\"width\":681,\"height\":210,\"caption\":\"Islamorada\"},\"image\":{\"@id\":\"https:\\\/\\\/islamoradatapasbar.com\\\/#\\\/schema\\\/logo\\\/image\\\/\"},\"sameAs\":[\"https:\\\/\\\/www.facebook.com\\\/islamoratapasbar\\\/\",\"https:\\\/\\\/x.com\\\/islamoradatapas\",\"https:\\\/\\\/www.instagram.com\\\/islamoradatapasbar\\\/?hl=es\"]}]}<\/script>\n<!-- \/ Yoast SEO plugin. -->","yoast_head_json":{"title":"Privacy Policy - Islamorada","robots":{"index":"noindex","follow":"nofollow"},"og_locale":"en_GB","og_type":"article","og_title":"Pol\u00edtica de Privacidad - Islamorada","og_description":"Pol\u00edtica de Privacidad Responsable. \u00bfQui\u00e9n va a tratar sus datos? Responsable: Islamorada Beach S.L NIF: B-90452491 Direcci\u00f3n: Avda. Rep\u00fablica Argentina 29B Planta 1 41011 de Sevilla E-mail de contacto: dpo@lbo.legal Finalidad. \u00bfPara qu\u00e9 se usar\u00e1n sus datos? En el caso de relacionarse econ\u00f3mica o administrativamente: para mantener nuestra relaci\u00f3n econ\u00f3mica y\/o administrativa. Si Ud. se [&hellip;]","og_url":"https:\/\/islamoradatapasbar.com\/en\/politica-de-privacidad\/","og_site_name":"Islamorada","article_publisher":"https:\/\/www.facebook.com\/islamoratapasbar\/","article_modified_time":"2025-06-30T12:23:35+00:00","twitter_card":"summary_large_image","twitter_site":"@islamoradatapas","twitter_misc":{"Estimated reading time":"3 minutes"},"schema":{"@context":"https:\/\/schema.org","@graph":[{"@type":"WebPage","@id":"https:\/\/islamoradatapasbar.com\/politica-de-privacidad\/","url":"https:\/\/islamoradatapasbar.com\/politica-de-privacidad\/","name":"Privacy Policy - Islamorada","isPartOf":{"@id":"https:\/\/islamoradatapasbar.com\/#website"},"datePublished":"2023-08-07T09:22:29+00:00","dateModified":"2025-06-30T12:23:35+00:00","breadcrumb":{"@id":"https:\/\/islamoradatapasbar.com\/politica-de-privacidad\/#breadcrumb"},"inLanguage":"en-GB","potentialAction":[{"@type":"ReadAction","target":["https:\/\/islamoradatapasbar.com\/politica-de-privacidad\/"]}]},{"@type":"BreadcrumbList","@id":"https:\/\/islamoradatapasbar.com\/politica-de-privacidad\/#breadcrumb","itemListElement":[{"@type":"ListItem","position":1,"name":"Home","item":"https:\/\/islamoradatapasbar.com\/"},{"@type":"ListItem","position":2,"name":"Pol\u00edtica de Privacidad"}]},{"@type":"WebSite","@id":"https:\/\/islamoradatapasbar.com\/#website","url":"https:\/\/islamoradatapasbar.com\/","name":"Islamorada","description":"","publisher":{"@id":"https:\/\/islamoradatapasbar.com\/#organization"},"potentialAction":[{"@type":"SearchAction","target":{"@type":"EntryPoint","urlTemplate":"https:\/\/islamoradatapasbar.com\/?s={search_term_string}"},"query-input":{"@type":"PropertyValueSpecification","valueRequired":true,"valueName":"search_term_string"}}],"inLanguage":"en-GB"},{"@type":"Organization","@id":"https:\/\/islamoradatapasbar.com\/#organization","name":"Islamorada","url":"https:\/\/islamoradatapasbar.com\/","logo":{"@type":"ImageObject","inLanguage":"en-GB","@id":"https:\/\/islamoradatapasbar.com\/#\/schema\/logo\/image\/","url":"https:\/\/islamoradatapasbar.com\/wp-content\/uploads\/2023\/07\/logo-islamorada.png","contentUrl":"https:\/\/islamoradatapasbar.com\/wp-content\/uploads\/2023\/07\/logo-islamorada.png","width":681,"height":210,"caption":"Islamorada"},"image":{"@id":"https:\/\/islamoradatapasbar.com\/#\/schema\/logo\/image\/"},"sameAs":["https:\/\/www.facebook.com\/islamoratapasbar\/","https:\/\/x.com\/islamoradatapas","https:\/\/www.instagram.com\/islamoradatapasbar\/?hl=es"]}]}},"_links":{"self":[{"href":"https:\/\/islamoradatapasbar.com\/en\/wp-json\/wp\/v2\/pages\/211","targetHints":{"allow":["GET"]}}],"collection":[{"href":"https:\/\/islamoradatapasbar.com\/en\/wp-json\/wp\/v2\/pages"}],"about":[{"href":"https:\/\/islamoradatapasbar.com\/en\/wp-json\/wp\/v2\/types\/page"}],"author":[{"embeddable":true,"href":"https:\/\/islamoradatapasbar.com\/en\/wp-json\/wp\/v2\/users\/2"}],"replies":[{"embeddable":true,"href":"https:\/\/islamoradatapasbar.com\/en\/wp-json\/wp\/v2\/comments?post=211"}],"version-history":[{"count":28,"href":"https:\/\/islamoradatapasbar.com\/en\/wp-json\/wp\/v2\/pages\/211\/revisions"}],"predecessor-version":[{"id":1139,"href":"https:\/\/islamoradatapasbar.com\/en\/wp-json\/wp\/v2\/pages\/211\/revisions\/1139"}],"wp:attachment":[{"href":"https:\/\/islamoradatapasbar.com\/en\/wp-json\/wp\/v2\/media?parent=211"}],"curies":[{"name":"wp","href":"https:\/\/api.w.org\/{rel}","templated":true}]}}