{"id":500,"date":"2024-02-19T08:26:45","date_gmt":"2024-02-19T07:26:45","guid":{"rendered":"https:\/\/islamoradatapasbar.com\/?page_id=500"},"modified":"2025-09-01T12:54:37","modified_gmt":"2025-09-01T10:54:37","slug":"localizacion","status":"publish","type":"page","link":"https:\/\/islamoradatapasbar.com\/en\/localizacion\/","title":{"rendered":"Location of Islamorada - Tapas Restaurant in Seville"},"content":{"rendered":"\t\t<div data-elementor-type=\"wp-page\" data-elementor-id=\"500\" class=\"elementor elementor-500\" data-elementor-post-type=\"page\">\n\t\t\t\t\t\t<section class=\"elementor-section elementor-top-section elementor-element elementor-element-38f21c0 elementor-section-boxed elementor-section-height-default elementor-section-height-default\" data-id=\"38f21c0\" data-element_type=\"section\" data-e-type=\"section\">\n\t\t\t\t\t\t<div class=\"elementor-container elementor-column-gap-default\">\n\t\t\t\t\t<div class=\"elementor-column elementor-col-100 elementor-top-column elementor-element elementor-element-2ddbaa4\" data-id=\"2ddbaa4\" data-element_type=\"column\" data-e-type=\"column\">\n\t\t\t<div class=\"elementor-widget-wrap elementor-element-populated\">\n\t\t\t\t\t\t<div class=\"elementor-element elementor-element-316cf51 elementor-widget elementor-widget-heading\" data-id=\"316cf51\" data-element_type=\"widget\" data-e-type=\"widget\" data-settings=\"{&quot;motion_fx_motion_fx_scrolling&quot;:&quot;yes&quot;,&quot;motion_fx_devices&quot;:[&quot;desktop&quot;,&quot;tablet&quot;,&quot;mobile&quot;]}\" data-widget_type=\"heading.default\">\n\t\t\t\t<div class=\"elementor-widget-container\">\n\t\t\t\t\t<h1 class=\"elementor-heading-title elementor-size-default\">\u00bfD\u00f3nde encontrarnos?<\/h1>\t\t\t\t<\/div>\n\t\t\t\t<\/div>\n\t\t\t\t<div class=\"elementor-element elementor-element-af969de elementor-widget elementor-widget-html\" data-id=\"af969de\" data-element_type=\"widget\" data-e-type=\"widget\" data-widget_type=\"html.default\">\n\t\t\t\t<div class=\"elementor-widget-container\">\n\t\t\t\t\t<iframe \n    data-src=\"https:\/\/www.google.com\/maps\/embed?pb=!1m18!1m12!1m3!1d3170.1774651158535!2d-5.9958195000000005!3d37.385635199999996!2m3!1f0!2f0!3f0!3m2!1i1024!2i768!4f13.1!3m3!1m2!1s0xd126d2c6d0348bb%3A0xa1a3cc687c3e0a65!2sIslamorada%20Tapas%20Bar!5e0!3m2!1ses!2ses!4v1720006449484!5m2!1ses!2ses\" \n    width=\"600\" \n    height=\"450\" \n    style=\"border:0;\" \n    allowfullscreen=\"\" \n    referrerpolicy=\"no-referrer-when-downgrade\" src=\"data:image\/svg+xml;base64,PHN2ZyB3aWR0aD0iMSIgaGVpZ2h0PSIxIiB4bWxucz0iaHR0cDovL3d3dy53My5vcmcvMjAwMC9zdmciPjwvc3ZnPg==\" class=\"lazyload\" data-load-mode=\"1\">\n<\/iframe>\n\t\t\t\t<\/div>\n\t\t\t\t<\/div>\n\t\t\t\t<div class=\"elementor-element elementor-element-1a5a4d0 elementor-mobile-align-justify elementor-align-center elementor-widget elementor-widget-button\" data-id=\"1a5a4d0\" data-element_type=\"widget\" data-e-type=\"widget\" data-widget_type=\"button.default\">\n\t\t\t\t<div class=\"elementor-widget-container\">\n\t\t\t\t\t\t\t\t\t<div class=\"elementor-button-wrapper\">\n\t\t\t\t\t<a class=\"elementor-button elementor-button-link elementor-size-sm\" href=\"https:\/\/g.page\/r\/CWUKPnxozKOhEB0\/review\" target=\"_blank\" rel=\"nofollow\">\n\t\t\t\t\t\t<span class=\"elementor-button-content-wrapper\">\n\t\t\t\t\t\t<span class=\"elementor-button-icon\">\n\t\t\t\t<i aria-hidden=\"true\" class=\"fas fa-map-marked-alt\"><\/i>\t\t\t<\/span>\n\t\t\t\t\t\t\t\t\t<span class=\"elementor-button-text\">Aqu\u00ed<\/span>\n\t\t\t\t\t<\/span>\n\t\t\t\t\t<\/a>\n\t\t\t\t<\/div>\n\t\t\t\t\t\t\t\t<\/div>\n\t\t\t\t<\/div>\n\t\t\t\t<div class=\"elementor-element elementor-element-ab94ee5 elementor-widget elementor-widget-spacer\" data-id=\"ab94ee5\" data-element_type=\"widget\" data-e-type=\"widget\" data-widget_type=\"spacer.default\">\n\t\t\t\t<div class=\"elementor-widget-container\">\n\t\t\t\t\t\t\t<div class=\"elementor-spacer\">\n\t\t\t<div class=\"elementor-spacer-inner\"><\/div>\n\t\t<\/div>\n\t\t\t\t\t\t<\/div>\n\t\t\t\t<\/div>\n\t\t\t\t<div class=\"elementor-element elementor-element-c78a78e elementor-widget elementor-widget-heading\" data-id=\"c78a78e\" data-element_type=\"widget\" data-e-type=\"widget\" data-settings=\"{&quot;motion_fx_motion_fx_scrolling&quot;:&quot;yes&quot;,&quot;motion_fx_devices&quot;:[&quot;desktop&quot;,&quot;tablet&quot;,&quot;mobile&quot;]}\" data-widget_type=\"heading.default\">\n\t\t\t\t<div class=\"elementor-widget-container\">\n\t\t\t\t\t<h2 class=\"elementor-heading-title elementor-size-default\">Informaci\u00f3n de Inter\u00e9s:<\/h2>\t\t\t\t<\/div>\n\t\t\t\t<\/div>\n\t\t\t\t<section class=\"elementor-section elementor-inner-section elementor-element elementor-element-7641f9b elementor-section-full_width enlaces-oscuros elementor-section-height-default elementor-section-height-default\" data-id=\"7641f9b\" data-element_type=\"section\" data-e-type=\"section\">\n\t\t\t\t\t\t<div class=\"elementor-container elementor-column-gap-default\">\n\t\t\t\t\t<div class=\"elementor-column elementor-col-33 elementor-inner-column elementor-element elementor-element-1364ee8\" data-id=\"1364ee8\" data-element_type=\"column\" data-e-type=\"column\">\n\t\t\t<div class=\"elementor-widget-wrap elementor-element-populated\">\n\t\t\t\t\t\t<div class=\"elementor-element elementor-element-68a2283 elementor-widget elementor-widget-heading\" data-id=\"68a2283\" data-element_type=\"widget\" data-e-type=\"widget\" data-settings=\"{&quot;motion_fx_motion_fx_scrolling&quot;:&quot;yes&quot;,&quot;motion_fx_devices&quot;:[&quot;desktop&quot;,&quot;tablet&quot;,&quot;mobile&quot;]}\" data-widget_type=\"heading.default\">\n\t\t\t\t<div class=\"elementor-widget-container\">\n\t\t\t\t\t<h3 class=\"elementor-heading-title elementor-size-default\">Horario del Restaurante\n<\/h3>\t\t\t\t<\/div>\n\t\t\t\t<\/div>\n\t\t\t\t<div class=\"elementor-element elementor-element-2bf04f2 elementor-mobile-align-center elementor-hidden-desktop elementor-hidden-tablet elementor-hidden-mobile elementor-icon-list--layout-traditional elementor-list-item-link-full_width elementor-widget elementor-widget-icon-list\" data-id=\"2bf04f2\" data-element_type=\"widget\" data-e-type=\"widget\" data-widget_type=\"icon-list.default\">\n\t\t\t\t<div class=\"elementor-widget-container\">\n\t\t\t\t\t\t\t<ul class=\"elementor-icon-list-items\">\n\t\t\t\t\t\t\t<li class=\"elementor-icon-list-item\">\n\t\t\t\t\t\t\t\t\t\t<span class=\"elementor-icon-list-text\">Lunes: 13:00\u201316:00, 19:00\u201323:00<\/span>\n\t\t\t\t\t\t\t\t\t<\/li>\n\t\t\t\t\t\t\t\t<li class=\"elementor-icon-list-item\">\n\t\t\t\t\t\t\t\t\t\t<span class=\"elementor-icon-list-text\">Martes: 13:00\u201316:00, 19:00\u201323:00<\/span>\n\t\t\t\t\t\t\t\t\t<\/li>\n\t\t\t\t\t\t\t\t<li class=\"elementor-icon-list-item\">\n\t\t\t\t\t\t\t\t\t\t<span class=\"elementor-icon-list-text\">Mi\u00e9rcoles: 13:00\u201316:00, 19:00\u201323:00<\/span>\n\t\t\t\t\t\t\t\t\t<\/li>\n\t\t\t\t\t\t\t\t<li class=\"elementor-icon-list-item\">\n\t\t\t\t\t\t\t\t\t\t<span class=\"elementor-icon-list-text\">Jueves: 13:00\u201316:00, 19:00\u201323:00<\/span>\n\t\t\t\t\t\t\t\t\t<\/li>\n\t\t\t\t\t\t\t\t<li class=\"elementor-icon-list-item\">\n\t\t\t\t\t\t\t\t\t\t<span class=\"elementor-icon-list-text\">Viernes: 13:00\u201323:00<\/span>\n\t\t\t\t\t\t\t\t\t<\/li>\n\t\t\t\t\t\t\t\t<li class=\"elementor-icon-list-item\">\n\t\t\t\t\t\t\t\t\t\t<span class=\"elementor-icon-list-text\">S\u00e1bado: 13:00\u201323:00<\/span>\n\t\t\t\t\t\t\t\t\t<\/li>\n\t\t\t\t\t\t\t\t<li class=\"elementor-icon-list-item\">\n\t\t\t\t\t\t\t\t\t\t<span class=\"elementor-icon-list-text\">Domingo: 13:00\u201323:00<\/span>\n\t\t\t\t\t\t\t\t\t<\/li>\n\t\t\t\t\t\t<\/ul>\n\t\t\t\t\t\t<\/div>\n\t\t\t\t<\/div>\n\t\t\t\t<div class=\"elementor-element elementor-element-a71b5c0 elementor-mobile-align-center elementor-icon-list--layout-traditional elementor-list-item-link-full_width elementor-widget elementor-widget-icon-list\" data-id=\"a71b5c0\" data-element_type=\"widget\" data-e-type=\"widget\" data-widget_type=\"icon-list.default\">\n\t\t\t\t<div class=\"elementor-widget-container\">\n\t\t\t\t\t\t\t<ul class=\"elementor-icon-list-items\">\n\t\t\t\t\t\t\t<li class=\"elementor-icon-list-item\">\n\t\t\t\t\t\t\t\t\t\t<span class=\"elementor-icon-list-text\">Lunes - Domingo: 12:00 -  23:00<\/span>\n\t\t\t\t\t\t\t\t\t<\/li>\n\t\t\t\t\t\t<\/ul>\n\t\t\t\t\t\t<\/div>\n\t\t\t\t<\/div>\n\t\t\t\t\t<\/div>\n\t\t<\/div>\n\t\t\t\t<div class=\"elementor-column elementor-col-33 elementor-inner-column elementor-element elementor-element-46e21c8\" data-id=\"46e21c8\" data-element_type=\"column\" data-e-type=\"column\">\n\t\t\t<div class=\"elementor-widget-wrap elementor-element-populated\">\n\t\t\t\t\t\t<div class=\"elementor-element elementor-element-9d97a8d elementor-widget elementor-widget-heading\" data-id=\"9d97a8d\" data-element_type=\"widget\" data-e-type=\"widget\" data-settings=\"{&quot;motion_fx_motion_fx_scrolling&quot;:&quot;yes&quot;,&quot;motion_fx_devices&quot;:[&quot;desktop&quot;,&quot;tablet&quot;,&quot;mobile&quot;]}\" data-widget_type=\"heading.default\">\n\t\t\t\t<div class=\"elementor-widget-container\">\n\t\t\t\t\t<h3 class=\"elementor-heading-title elementor-size-default\">Direcci\u00f3n<\/h3>\t\t\t\t<\/div>\n\t\t\t\t<\/div>\n\t\t\t\t<div class=\"elementor-element elementor-element-ed65004 elementor-mobile-align-center elementor-icon-list--layout-traditional elementor-list-item-link-full_width elementor-widget elementor-widget-icon-list\" data-id=\"ed65004\" data-element_type=\"widget\" data-e-type=\"widget\" data-widget_type=\"icon-list.default\">\n\t\t\t\t<div class=\"elementor-widget-container\">\n\t\t\t\t\t\t\t<ul class=\"elementor-icon-list-items\">\n\t\t\t\t\t\t\t<li class=\"elementor-icon-list-item\">\n\t\t\t\t\t\t\t\t\t\t\t<a href=\"https:\/\/www.google.com\/maps\/place\/\/data=!4m2!3m1!1s0xd126d2c6d0348bb:0xa1a3cc687c3e0a65?sa=X&#038;ved=1t:8290&#038;ictx=111\">\n\n\t\t\t\t\t\t\t\t\t\t\t<span class=\"elementor-icon-list-text\">C. Francisco L\u00f3pez Bordas, S\/N, Casco Antiguo, 41001 Sevilla<\/span>\n\t\t\t\t\t\t\t\t\t\t\t<\/a>\n\t\t\t\t\t\t\t\t\t<\/li>\n\t\t\t\t\t\t\t\t<li class=\"elementor-icon-list-item\">\n\t\t\t\t\t\t\t\t\t\t<span class=\"elementor-icon-list-text\">Tel\u00e9fono: 648 70 94 62<\/span>\n\t\t\t\t\t\t\t\t\t<\/li>\n\t\t\t\t\t\t<\/ul>\n\t\t\t\t\t\t<\/div>\n\t\t\t\t<\/div>\n\t\t\t\t\t<\/div>\n\t\t<\/div>\n\t\t\t\t<div class=\"elementor-column elementor-col-33 elementor-inner-column elementor-element elementor-element-4ea07d7\" data-id=\"4ea07d7\" data-element_type=\"column\" data-e-type=\"column\">\n\t\t\t<div class=\"elementor-widget-wrap elementor-element-populated\">\n\t\t\t\t\t\t<div class=\"elementor-element elementor-element-e183c67 elementor-widget elementor-widget-heading\" data-id=\"e183c67\" data-element_type=\"widget\" data-e-type=\"widget\" data-settings=\"{&quot;motion_fx_motion_fx_scrolling&quot;:&quot;yes&quot;,&quot;motion_fx_devices&quot;:[&quot;desktop&quot;,&quot;tablet&quot;,&quot;mobile&quot;]}\" data-widget_type=\"heading.default\">\n\t\t\t\t<div class=\"elementor-widget-container\">\n\t\t\t\t\t<h3 class=\"elementor-heading-title elementor-size-default\">Como llegar<\/h3>\t\t\t\t<\/div>\n\t\t\t\t<\/div>\n\t\t\t\t<div class=\"elementor-element elementor-element-1f43b3b elementor-mobile-align-center elementor-icon-list--layout-traditional elementor-list-item-link-full_width elementor-widget elementor-widget-icon-list\" data-id=\"1f43b3b\" data-element_type=\"widget\" data-e-type=\"widget\" data-widget_type=\"icon-list.default\">\n\t\t\t\t<div class=\"elementor-widget-container\">\n\t\t\t\t\t\t\t<ul class=\"elementor-icon-list-items\">\n\t\t\t\t\t\t\t<li class=\"elementor-icon-list-item\">\n\t\t\t\t\t\t\t\t\t\t\t<a href=\"https:\/\/www.google.com\/maps\/place\/Islamorada+Tapas+Bar\/@37.3856352,-5.9958195,17z\/data=!3m1!4b1!4m6!3m5!1s0xd126d2c6d0348bb:0xa1a3cc687c3e0a65!8m2!3d37.3856352!4d-5.9958195!16s%2Fg%2F11fn61h9qf?entry=ttu\">\n\n\t\t\t\t\t\t\t\t\t\t\t<span class=\"elementor-icon-list-text\">37.385733, -5.995814<\/span>\n\t\t\t\t\t\t\t\t\t\t\t<\/a>\n\t\t\t\t\t\t\t\t\t<\/li>\n\t\t\t\t\t\t\t\t<li class=\"elementor-icon-list-item\">\n\t\t\t\t\t\t\t\t\t\t\t<a href=\"https:\/\/www.google.com\/maps\/dir\/Torre+del+Oro,+Paseo+de+Crist%C3%B3bal+Col%C3%B3n,+Sevilla\/&#039;&#039;\/@37.3841638,-5.99901,17z\/data=!3m1!4b1!4m14!4m13!1m5!1m1!1s0xd126c16af11db65:0x7504999e77d24fe5!2m2!1d-5.9962652!2d37.3824569!1m5!1m1!1s0xd126d2c6d0348bb:0xa1a3cc687c3e0a65!2m2!1d-5.9958195!2d37.3856352!3e2?entry=ttu\">\n\n\t\t\t\t\t\t\t\t\t\t\t<span class=\"elementor-icon-list-text\">Torre del Oro<\/span>\n\t\t\t\t\t\t\t\t\t\t\t<\/a>\n\t\t\t\t\t\t\t\t\t<\/li>\n\t\t\t\t\t\t\t\t<li class=\"elementor-icon-list-item\">\n\t\t\t\t\t\t\t\t\t\t\t<a href=\"https:\/\/www.google.com\/maps\/dir\/Puente+de+Triana,+Puente+de+Isabel+II,+Sevilla\/&#039;&#039;\/@37.3865842,-6.0041761,16z\/data=!3m1!4b1!4m14!4m13!1m5!1m1!1s0xd126c136e2b90a5:0x4c0bcc574dff2913!2m2!1d-6.0023751!2d37.3863268!1m5!1m1!1s0xd126d2c6d0348bb:0xa1a3cc687c3e0a65!2m2!1d-5.9958195!2d37.3856352!3e2?entry=ttu\">\n\n\t\t\t\t\t\t\t\t\t\t\t<span class=\"elementor-icon-list-text\">Puente de Triana<\/span>\n\t\t\t\t\t\t\t\t\t\t\t<\/a>\n\t\t\t\t\t\t\t\t\t<\/li>\n\t\t\t\t\t\t\t\t<li class=\"elementor-icon-list-item\">\n\t\t\t\t\t\t\t\t\t\t\t<a href=\"https:\/\/www.google.com\/maps\/dir\/Santa+Justa,+Calle+Joaquin+Morales+y+Torres,+Sevilla\/&#039;&#039;\/@37.3877993,-6.0047642,14z\/data=!3m1!4b1!4m13!4m12!1m5!1m1!1s0xd126ea585ca9fc9:0x1f6ab089fe7a10b4!2m2!1d-5.9749377!2d37.3923848!1m5!1m1!1s0xd126d2c6d0348bb:0xa1a3cc687c3e0a65!2m2!1d-5.9958195!2d37.3856352?entry=ttu\">\n\n\t\t\t\t\t\t\t\t\t\t\t<span class=\"elementor-icon-list-text\">Sevilla - Santa Justa<\/span>\n\t\t\t\t\t\t\t\t\t\t\t<\/a>\n\t\t\t\t\t\t\t\t\t<\/li>\n\t\t\t\t\t\t<\/ul>\n\t\t\t\t\t\t<\/div>\n\t\t\t\t<\/div>\n\t\t\t\t\t<\/div>\n\t\t<\/div>\n\t\t\t\t\t<\/div>\n\t\t<\/section>\n\t\t\t\t\t<\/div>\n\t\t<\/div>\n\t\t\t\t\t<\/div>\n\t\t<\/section>\n\t\t\t\t<section class=\"elementor-section elementor-top-section elementor-element elementor-element-220e169 elementor-section-boxed elementor-section-height-default elementor-section-height-default\" data-id=\"220e169\" data-element_type=\"section\" data-e-type=\"section\">\n\t\t\t\t\t\t<div class=\"elementor-container elementor-column-gap-default\">\n\t\t\t\t\t<div class=\"elementor-column elementor-col-100 elementor-top-column elementor-element elementor-element-fb83f34\" data-id=\"fb83f34\" data-element_type=\"column\" data-e-type=\"column\">\n\t\t\t<div class=\"elementor-widget-wrap elementor-element-populated\">\n\t\t\t\t\t\t<div class=\"elementor-element elementor-element-2002186 elementor-widget elementor-widget-spacer\" data-id=\"2002186\" data-element_type=\"widget\" data-e-type=\"widget\" data-widget_type=\"spacer.default\">\n\t\t\t\t<div class=\"elementor-widget-container\">\n\t\t\t\t\t\t\t<div class=\"elementor-spacer\">\n\t\t\t<div class=\"elementor-spacer-inner\"><\/div>\n\t\t<\/div>\n\t\t\t\t\t\t<\/div>\n\t\t\t\t<\/div>\n\t\t\t\t\t<\/div>\n\t\t<\/div>\n\t\t\t\t\t<\/div>\n\t\t<\/section>\n\t\t\t\t<\/div>\n\t\t","protected":false},"excerpt":{"rendered":"<p>\u00bfD\u00f3nde encontrarnos? Aqu\u00ed Informaci\u00f3n de Inter\u00e9s: Horario del Restaurante Lunes: 13:00\u201316:00, 19:00\u201323:00 Martes: 13:00\u201316:00, 19:00\u201323:00 Mi\u00e9rcoles: 13:00\u201316:00, 19:00\u201323:00 Jueves: 13:00\u201316:00, 19:00\u201323:00 Viernes: 13:00\u201323:00 S\u00e1bado: 13:00\u201323:00 Domingo: 13:00\u201323:00 Lunes &#8211; Domingo: 12:00 &#8211; 23:00 Direcci\u00f3n C. Francisco L\u00f3pez Bordas, S\/N, Casco Antiguo, 41001 Sevilla Tel\u00e9fono: 648 70 94 62 Como llegar 37.385733, -5.995814 Torre del Oro [&hellip;]<\/p>\n","protected":false},"author":2,"featured_media":561,"parent":0,"menu_order":0,"comment_status":"closed","ping_status":"closed","template":"","meta":{"_joinchat":[],"footnotes":""},"class_list":["post-500","page","type-page","status-publish","has-post-thumbnail","hentry"],"yoast_head":"<!-- This site is optimized with the Yoast SEO plugin v27.3 - https:\/\/yoast.com\/product\/yoast-seo-wordpress\/ -->\n<title>Ubicaci\u00f3n de Islamorada - Restaurante de Tapas en Sevilla - Islamorada<\/title>\n<meta name=\"description\" content=\"Direcci\u00f3n: C. Francisco L\u00f3pez Bordas, S\/N, Casco Antiguo, 41001 Sevilla. Tel: 648 70 94 62. Men\u00fa y reservas: islamoradatapasbar.com.\" \/>\n<meta name=\"robots\" content=\"index, follow, max-snippet:-1, max-image-preview:large, max-video-preview:-1\" \/>\n<link rel=\"canonical\" href=\"https:\/\/islamoradatapasbar.com\/en\/localizacion\/\" \/>\n<meta property=\"og:locale\" content=\"en_GB\" \/>\n<meta property=\"og:type\" content=\"article\" \/>\n<meta property=\"og:title\" content=\"Ubicaci\u00f3n de Islamorada - Restaurante de Tapas en Sevilla - Islamorada\" \/>\n<meta property=\"og:description\" content=\"Direcci\u00f3n: C. Francisco L\u00f3pez Bordas, S\/N, Casco Antiguo, 41001 Sevilla. Tel: 648 70 94 62. Men\u00fa y reservas: islamoradatapasbar.com.\" \/>\n<meta property=\"og:url\" content=\"https:\/\/islamoradatapasbar.com\/en\/localizacion\/\" \/>\n<meta property=\"og:site_name\" content=\"Islamorada\" \/>\n<meta property=\"article:publisher\" content=\"https:\/\/www.facebook.com\/islamoratapasbar\/\" \/>\n<meta property=\"article:modified_time\" content=\"2025-09-01T10:54:37+00:00\" \/>\n<meta property=\"og:image\" content=\"https:\/\/islamoradatapasbar.com\/wp-content\/uploads\/2024\/02\/Tortilla-al-tartufo-scaled.jpg\" \/>\n\t<meta property=\"og:image:width\" content=\"2560\" \/>\n\t<meta property=\"og:image:height\" content=\"2560\" \/>\n\t<meta property=\"og:image:type\" content=\"image\/jpeg\" \/>\n<meta name=\"twitter:card\" content=\"summary_large_image\" \/>\n<meta name=\"twitter:site\" content=\"@islamoradatapas\" \/>\n<meta name=\"twitter:label1\" content=\"Estimated reading time\" \/>\n\t<meta name=\"twitter:data1\" content=\"1 minute\" \/>\n<script type=\"application\/ld+json\" class=\"yoast-schema-graph\">{\"@context\":\"https:\\\/\\\/schema.org\",\"@graph\":[{\"@type\":\"WebPage\",\"@id\":\"https:\\\/\\\/islamoradatapasbar.com\\\/localizacion\\\/\",\"url\":\"https:\\\/\\\/islamoradatapasbar.com\\\/localizacion\\\/\",\"name\":\"Ubicaci\u00f3n de Islamorada - Restaurante de Tapas en Sevilla - Islamorada\",\"isPartOf\":{\"@id\":\"https:\\\/\\\/islamoradatapasbar.com\\\/#website\"},\"primaryImageOfPage\":{\"@id\":\"https:\\\/\\\/islamoradatapasbar.com\\\/localizacion\\\/#primaryimage\"},\"image\":{\"@id\":\"https:\\\/\\\/islamoradatapasbar.com\\\/localizacion\\\/#primaryimage\"},\"thumbnailUrl\":\"https:\\\/\\\/islamoradatapasbar.com\\\/wp-content\\\/uploads\\\/2024\\\/02\\\/Tortilla-al-tartufo-scaled.jpg\",\"datePublished\":\"2024-02-19T07:26:45+00:00\",\"dateModified\":\"2025-09-01T10:54:37+00:00\",\"description\":\"Direcci\u00f3n: C. Francisco L\u00f3pez Bordas, S\\\/N, Casco Antiguo, 41001 Sevilla. Tel: 648 70 94 62. Men\u00fa y reservas: islamoradatapasbar.com.\",\"breadcrumb\":{\"@id\":\"https:\\\/\\\/islamoradatapasbar.com\\\/localizacion\\\/#breadcrumb\"},\"inLanguage\":\"en-GB\",\"potentialAction\":[{\"@type\":\"ReadAction\",\"target\":[\"https:\\\/\\\/islamoradatapasbar.com\\\/localizacion\\\/\"]}]},{\"@type\":\"ImageObject\",\"inLanguage\":\"en-GB\",\"@id\":\"https:\\\/\\\/islamoradatapasbar.com\\\/localizacion\\\/#primaryimage\",\"url\":\"https:\\\/\\\/islamoradatapasbar.com\\\/wp-content\\\/uploads\\\/2024\\\/02\\\/Tortilla-al-tartufo-scaled.jpg\",\"contentUrl\":\"https:\\\/\\\/islamoradatapasbar.com\\\/wp-content\\\/uploads\\\/2024\\\/02\\\/Tortilla-al-tartufo-scaled.jpg\",\"width\":2560,\"height\":2560},{\"@type\":\"BreadcrumbList\",\"@id\":\"https:\\\/\\\/islamoradatapasbar.com\\\/localizacion\\\/#breadcrumb\",\"itemListElement\":[{\"@type\":\"ListItem\",\"position\":1,\"name\":\"Home\",\"item\":\"https:\\\/\\\/islamoradatapasbar.com\\\/\"},{\"@type\":\"ListItem\",\"position\":2,\"name\":\"Ubicaci\u00f3n de Islamorada &#8211; Restaurante de Tapas en Sevilla\"}]},{\"@type\":\"WebSite\",\"@id\":\"https:\\\/\\\/islamoradatapasbar.com\\\/#website\",\"url\":\"https:\\\/\\\/islamoradatapasbar.com\\\/\",\"name\":\"Islamorada\",\"description\":\"\",\"publisher\":{\"@id\":\"https:\\\/\\\/islamoradatapasbar.com\\\/#organization\"},\"potentialAction\":[{\"@type\":\"SearchAction\",\"target\":{\"@type\":\"EntryPoint\",\"urlTemplate\":\"https:\\\/\\\/islamoradatapasbar.com\\\/?s={search_term_string}\"},\"query-input\":{\"@type\":\"PropertyValueSpecification\",\"valueRequired\":true,\"valueName\":\"search_term_string\"}}],\"inLanguage\":\"en-GB\"},{\"@type\":\"Organization\",\"@id\":\"https:\\\/\\\/islamoradatapasbar.com\\\/#organization\",\"name\":\"Islamorada\",\"url\":\"https:\\\/\\\/islamoradatapasbar.com\\\/\",\"logo\":{\"@type\":\"ImageObject\",\"inLanguage\":\"en-GB\",\"@id\":\"https:\\\/\\\/islamoradatapasbar.com\\\/#\\\/schema\\\/logo\\\/image\\\/\",\"url\":\"https:\\\/\\\/islamoradatapasbar.com\\\/wp-content\\\/uploads\\\/2023\\\/07\\\/logo-islamorada.png\",\"contentUrl\":\"https:\\\/\\\/islamoradatapasbar.com\\\/wp-content\\\/uploads\\\/2023\\\/07\\\/logo-islamorada.png\",\"width\":681,\"height\":210,\"caption\":\"Islamorada\"},\"image\":{\"@id\":\"https:\\\/\\\/islamoradatapasbar.com\\\/#\\\/schema\\\/logo\\\/image\\\/\"},\"sameAs\":[\"https:\\\/\\\/www.facebook.com\\\/islamoratapasbar\\\/\",\"https:\\\/\\\/x.com\\\/islamoradatapas\",\"https:\\\/\\\/www.instagram.com\\\/islamoradatapasbar\\\/?hl=es\"]}]}<\/script>\n<!-- \/ Yoast SEO plugin. -->","yoast_head_json":{"title":"Location of Islamorada - Tapas Restaurant in Seville - Islamorada","description":"Address: C. Francisco L\u00f3pez Bordas, S\/N, Casco Antiguo, 41001 Sevilla. Tel: 648 70 94 62. Menu and reservations: islamoradatapasbar.com.","robots":{"index":"index","follow":"follow","max-snippet":"max-snippet:-1","max-image-preview":"max-image-preview:large","max-video-preview":"max-video-preview:-1"},"canonical":"https:\/\/islamoradatapasbar.com\/en\/localizacion\/","og_locale":"en_GB","og_type":"article","og_title":"Ubicaci\u00f3n de Islamorada - Restaurante de Tapas en Sevilla - Islamorada","og_description":"Direcci\u00f3n: C. Francisco L\u00f3pez Bordas, S\/N, Casco Antiguo, 41001 Sevilla. Tel: 648 70 94 62. Men\u00fa y reservas: islamoradatapasbar.com.","og_url":"https:\/\/islamoradatapasbar.com\/en\/localizacion\/","og_site_name":"Islamorada","article_publisher":"https:\/\/www.facebook.com\/islamoratapasbar\/","article_modified_time":"2025-09-01T10:54:37+00:00","og_image":[{"width":2560,"height":2560,"url":"https:\/\/islamoradatapasbar.com\/wp-content\/uploads\/2024\/02\/Tortilla-al-tartufo-scaled.jpg","type":"image\/jpeg"}],"twitter_card":"summary_large_image","twitter_site":"@islamoradatapas","twitter_misc":{"Estimated reading time":"1 minute"},"schema":{"@context":"https:\/\/schema.org","@graph":[{"@type":"WebPage","@id":"https:\/\/islamoradatapasbar.com\/localizacion\/","url":"https:\/\/islamoradatapasbar.com\/localizacion\/","name":"Location of Islamorada - Tapas Restaurant in Seville - Islamorada","isPartOf":{"@id":"https:\/\/islamoradatapasbar.com\/#website"},"primaryImageOfPage":{"@id":"https:\/\/islamoradatapasbar.com\/localizacion\/#primaryimage"},"image":{"@id":"https:\/\/islamoradatapasbar.com\/localizacion\/#primaryimage"},"thumbnailUrl":"https:\/\/islamoradatapasbar.com\/wp-content\/uploads\/2024\/02\/Tortilla-al-tartufo-scaled.jpg","datePublished":"2024-02-19T07:26:45+00:00","dateModified":"2025-09-01T10:54:37+00:00","description":"Address: C. Francisco L\u00f3pez Bordas, S\/N, Casco Antiguo, 41001 Sevilla. Tel: 648 70 94 62. Menu and reservations: islamoradatapasbar.com.","breadcrumb":{"@id":"https:\/\/islamoradatapasbar.com\/localizacion\/#breadcrumb"},"inLanguage":"en-GB","potentialAction":[{"@type":"ReadAction","target":["https:\/\/islamoradatapasbar.com\/localizacion\/"]}]},{"@type":"ImageObject","inLanguage":"en-GB","@id":"https:\/\/islamoradatapasbar.com\/localizacion\/#primaryimage","url":"https:\/\/islamoradatapasbar.com\/wp-content\/uploads\/2024\/02\/Tortilla-al-tartufo-scaled.jpg","contentUrl":"https:\/\/islamoradatapasbar.com\/wp-content\/uploads\/2024\/02\/Tortilla-al-tartufo-scaled.jpg","width":2560,"height":2560},{"@type":"BreadcrumbList","@id":"https:\/\/islamoradatapasbar.com\/localizacion\/#breadcrumb","itemListElement":[{"@type":"ListItem","position":1,"name":"Home","item":"https:\/\/islamoradatapasbar.com\/"},{"@type":"ListItem","position":2,"name":"Ubicaci\u00f3n de Islamorada &#8211; Restaurante de Tapas en Sevilla"}]},{"@type":"WebSite","@id":"https:\/\/islamoradatapasbar.com\/#website","url":"https:\/\/islamoradatapasbar.com\/","name":"Islamorada","description":"","publisher":{"@id":"https:\/\/islamoradatapasbar.com\/#organization"},"potentialAction":[{"@type":"SearchAction","target":{"@type":"EntryPoint","urlTemplate":"https:\/\/islamoradatapasbar.com\/?s={search_term_string}"},"query-input":{"@type":"PropertyValueSpecification","valueRequired":true,"valueName":"search_term_string"}}],"inLanguage":"en-GB"},{"@type":"Organization","@id":"https:\/\/islamoradatapasbar.com\/#organization","name":"Islamorada","url":"https:\/\/islamoradatapasbar.com\/","logo":{"@type":"ImageObject","inLanguage":"en-GB","@id":"https:\/\/islamoradatapasbar.com\/#\/schema\/logo\/image\/","url":"https:\/\/islamoradatapasbar.com\/wp-content\/uploads\/2023\/07\/logo-islamorada.png","contentUrl":"https:\/\/islamoradatapasbar.com\/wp-content\/uploads\/2023\/07\/logo-islamorada.png","width":681,"height":210,"caption":"Islamorada"},"image":{"@id":"https:\/\/islamoradatapasbar.com\/#\/schema\/logo\/image\/"},"sameAs":["https:\/\/www.facebook.com\/islamoratapasbar\/","https:\/\/x.com\/islamoradatapas","https:\/\/www.instagram.com\/islamoradatapasbar\/?hl=es"]}]}},"_links":{"self":[{"href":"https:\/\/islamoradatapasbar.com\/en\/wp-json\/wp\/v2\/pages\/500","targetHints":{"allow":["GET"]}}],"collection":[{"href":"https:\/\/islamoradatapasbar.com\/en\/wp-json\/wp\/v2\/pages"}],"about":[{"href":"https:\/\/islamoradatapasbar.com\/en\/wp-json\/wp\/v2\/types\/page"}],"author":[{"embeddable":true,"href":"https:\/\/islamoradatapasbar.com\/en\/wp-json\/wp\/v2\/users\/2"}],"replies":[{"embeddable":true,"href":"https:\/\/islamoradatapasbar.com\/en\/wp-json\/wp\/v2\/comments?post=500"}],"version-history":[{"count":111,"href":"https:\/\/islamoradatapasbar.com\/en\/wp-json\/wp\/v2\/pages\/500\/revisions"}],"predecessor-version":[{"id":1184,"href":"https:\/\/islamoradatapasbar.com\/en\/wp-json\/wp\/v2\/pages\/500\/revisions\/1184"}],"wp:featuredmedia":[{"embeddable":true,"href":"https:\/\/islamoradatapasbar.com\/en\/wp-json\/wp\/v2\/media\/561"}],"wp:attachment":[{"href":"https:\/\/islamoradatapasbar.com\/en\/wp-json\/wp\/v2\/media?parent=500"}],"curies":[{"name":"wp","href":"https:\/\/api.w.org\/{rel}","templated":true}]}}