{"id":913,"date":"2024-11-27T13:46:47","date_gmt":"2024-11-27T12:46:47","guid":{"rendered":"https:\/\/islamoradatapasbar.com\/?page_id=913"},"modified":"2024-11-27T16:46:20","modified_gmt":"2024-11-27T15:46:20","slug":"politica-de-reservas","status":"publish","type":"page","link":"https:\/\/islamoradatapasbar.com\/en\/politica-de-reservas\/","title":{"rendered":"Reservation Policy"},"content":{"rendered":"\t\t<div data-elementor-type=\"wp-page\" data-elementor-id=\"913\" class=\"elementor elementor-913\" data-elementor-post-type=\"page\">\n\t\t\t\t\t\t<section class=\"elementor-section elementor-top-section elementor-element elementor-element-5fda5715 elementor-section-boxed elementor-section-height-default elementor-section-height-default\" data-id=\"5fda5715\" data-element_type=\"section\" data-e-type=\"section\">\n\t\t\t\t\t\t<div class=\"elementor-container elementor-column-gap-default\">\n\t\t\t\t\t<div class=\"elementor-column elementor-col-100 elementor-top-column elementor-element elementor-element-5b6452d1\" data-id=\"5b6452d1\" data-element_type=\"column\" data-e-type=\"column\">\n\t\t\t<div class=\"elementor-widget-wrap elementor-element-populated\">\n\t\t\t\t\t\t<div class=\"elementor-element elementor-element-49a13875 elementor-widget__width-initial elementor-widget elementor-widget-heading\" data-id=\"49a13875\" data-element_type=\"widget\" data-e-type=\"widget\" data-settings=\"{&quot;motion_fx_motion_fx_scrolling&quot;:&quot;yes&quot;,&quot;motion_fx_devices&quot;:[&quot;desktop&quot;,&quot;tablet&quot;,&quot;mobile&quot;]}\" data-widget_type=\"heading.default\">\n\t\t\t\t<div class=\"elementor-widget-container\">\n\t\t\t\t\t<h2 class=\"elementor-heading-title elementor-size-default\">Condiciones de la Reserva<\/h2>\t\t\t\t<\/div>\n\t\t\t\t<\/div>\n\t\t\t\t<div class=\"elementor-element elementor-element-2838ef0f elementor-widget elementor-widget-text-editor\" data-id=\"2838ef0f\" data-element_type=\"widget\" data-e-type=\"widget\" data-widget_type=\"text-editor.default\">\n\t\t\t\t<div class=\"elementor-widget-container\">\n\t\t\t\t\t\t\t\t\t<p class=\"p1\">&#8211; Duraci\u00f3n de las reservas: Todas las reservas realizadas en Islamorada Tapas Bar tienen una duraci\u00f3n m\u00e1xima de 1 hora y 30 minutos desde la hora confirmada.<\/p><p>&#8211; Pr\u00f3rroga de la reserva: En caso de que haya disponibilidad, ser\u00e1 posible extender el tiempo asignado a la mesa. Esta ampliaci\u00f3n ser\u00e1 evaluada por nuestro equipo en el momento y no puede garantizarse previamente.<\/p><p>&#8211; Compromiso de puntualidad: Rogamos a nuestros clientes que respeten el horario reservado. Un retraso superior a 15 minutos podr\u00eda implicar la cancelaci\u00f3n de la reserva.<\/p><p>&#8211; Pol\u00edtica de cancelaci\u00f3n: Si no puede asistir a su reserva, le agradecemos que nos avise con la mayor antelaci\u00f3n posible para poder ofrecer la mesa a otros clientes.<\/p>\t\t\t\t\t\t\t\t<\/div>\n\t\t\t\t<\/div>\n\t\t\t\t\t<\/div>\n\t\t<\/div>\n\t\t\t\t\t<\/div>\n\t\t<\/section>\n\t\t\t\t<\/div>\n\t\t","protected":false},"excerpt":{"rendered":"<p>Condiciones de la Reserva &#8211; Duraci\u00f3n de las reservas: Todas las reservas realizadas en Islamorada Tapas Bar tienen una duraci\u00f3n m\u00e1xima de 1 hora y 30 minutos desde la hora confirmada. &#8211; Pr\u00f3rroga de la reserva: En caso de que haya disponibilidad, ser\u00e1 posible extender el tiempo asignado a la mesa. Esta ampliaci\u00f3n ser\u00e1 evaluada [&hellip;]<\/p>\n","protected":false},"author":5,"featured_media":0,"parent":0,"menu_order":0,"comment_status":"closed","ping_status":"closed","template":"","meta":{"_joinchat":[],"footnotes":""},"class_list":["post-913","page","type-page","status-publish","hentry"],"yoast_head":"<!-- This site is optimized with the Yoast SEO plugin v27.3 - https:\/\/yoast.com\/product\/yoast-seo-wordpress\/ -->\n<title>Pol\u00edtica de Reservas - Islamorada<\/title>\n<meta name=\"robots\" content=\"noindex, nofollow\" \/>\n<meta property=\"og:locale\" content=\"en_GB\" \/>\n<meta property=\"og:type\" content=\"article\" \/>\n<meta property=\"og:title\" content=\"Pol\u00edtica de Reservas - Islamorada\" \/>\n<meta property=\"og:description\" content=\"Condiciones de la Reserva &#8211; Duraci\u00f3n de las reservas: Todas las reservas realizadas en Islamorada Tapas Bar tienen una duraci\u00f3n m\u00e1xima de 1 hora y 30 minutos desde la hora confirmada. &#8211; Pr\u00f3rroga de la reserva: En caso de que haya disponibilidad, ser\u00e1 posible extender el tiempo asignado a la mesa. Esta ampliaci\u00f3n ser\u00e1 evaluada [&hellip;]\" \/>\n<meta property=\"og:url\" content=\"https:\/\/islamoradatapasbar.com\/en\/politica-de-reservas\/\" \/>\n<meta property=\"og:site_name\" content=\"Islamorada\" \/>\n<meta property=\"article:publisher\" content=\"https:\/\/www.facebook.com\/islamoratapasbar\/\" \/>\n<meta property=\"article:modified_time\" content=\"2024-11-27T15:46:20+00:00\" \/>\n<meta name=\"twitter:card\" content=\"summary_large_image\" \/>\n<meta name=\"twitter:site\" content=\"@islamoradatapas\" \/>\n<meta name=\"twitter:label1\" content=\"Estimated reading time\" \/>\n\t<meta name=\"twitter:data1\" content=\"1 minute\" \/>\n<script type=\"application\/ld+json\" class=\"yoast-schema-graph\">{\"@context\":\"https:\\\/\\\/schema.org\",\"@graph\":[{\"@type\":\"WebPage\",\"@id\":\"https:\\\/\\\/islamoradatapasbar.com\\\/politica-de-reservas\\\/\",\"url\":\"https:\\\/\\\/islamoradatapasbar.com\\\/politica-de-reservas\\\/\",\"name\":\"Pol\u00edtica de Reservas - Islamorada\",\"isPartOf\":{\"@id\":\"https:\\\/\\\/islamoradatapasbar.com\\\/#website\"},\"datePublished\":\"2024-11-27T12:46:47+00:00\",\"dateModified\":\"2024-11-27T15:46:20+00:00\",\"breadcrumb\":{\"@id\":\"https:\\\/\\\/islamoradatapasbar.com\\\/politica-de-reservas\\\/#breadcrumb\"},\"inLanguage\":\"en-GB\",\"potentialAction\":[{\"@type\":\"ReadAction\",\"target\":[\"https:\\\/\\\/islamoradatapasbar.com\\\/politica-de-reservas\\\/\"]}]},{\"@type\":\"BreadcrumbList\",\"@id\":\"https:\\\/\\\/islamoradatapasbar.com\\\/politica-de-reservas\\\/#breadcrumb\",\"itemListElement\":[{\"@type\":\"ListItem\",\"position\":1,\"name\":\"Home\",\"item\":\"https:\\\/\\\/islamoradatapasbar.com\\\/\"},{\"@type\":\"ListItem\",\"position\":2,\"name\":\"Pol\u00edtica de Reservas\"}]},{\"@type\":\"WebSite\",\"@id\":\"https:\\\/\\\/islamoradatapasbar.com\\\/#website\",\"url\":\"https:\\\/\\\/islamoradatapasbar.com\\\/\",\"name\":\"Islamorada\",\"description\":\"\",\"publisher\":{\"@id\":\"https:\\\/\\\/islamoradatapasbar.com\\\/#organization\"},\"potentialAction\":[{\"@type\":\"SearchAction\",\"target\":{\"@type\":\"EntryPoint\",\"urlTemplate\":\"https:\\\/\\\/islamoradatapasbar.com\\\/?s={search_term_string}\"},\"query-input\":{\"@type\":\"PropertyValueSpecification\",\"valueRequired\":true,\"valueName\":\"search_term_string\"}}],\"inLanguage\":\"en-GB\"},{\"@type\":\"Organization\",\"@id\":\"https:\\\/\\\/islamoradatapasbar.com\\\/#organization\",\"name\":\"Islamorada\",\"url\":\"https:\\\/\\\/islamoradatapasbar.com\\\/\",\"logo\":{\"@type\":\"ImageObject\",\"inLanguage\":\"en-GB\",\"@id\":\"https:\\\/\\\/islamoradatapasbar.com\\\/#\\\/schema\\\/logo\\\/image\\\/\",\"url\":\"https:\\\/\\\/islamoradatapasbar.com\\\/wp-content\\\/uploads\\\/2023\\\/07\\\/logo-islamorada.png\",\"contentUrl\":\"https:\\\/\\\/islamoradatapasbar.com\\\/wp-content\\\/uploads\\\/2023\\\/07\\\/logo-islamorada.png\",\"width\":681,\"height\":210,\"caption\":\"Islamorada\"},\"image\":{\"@id\":\"https:\\\/\\\/islamoradatapasbar.com\\\/#\\\/schema\\\/logo\\\/image\\\/\"},\"sameAs\":[\"https:\\\/\\\/www.facebook.com\\\/islamoratapasbar\\\/\",\"https:\\\/\\\/x.com\\\/islamoradatapas\",\"https:\\\/\\\/www.instagram.com\\\/islamoradatapasbar\\\/?hl=es\"]}]}<\/script>\n<!-- \/ Yoast SEO plugin. -->","yoast_head_json":{"title":"Booking Policy - Islamorada","robots":{"index":"noindex","follow":"nofollow"},"og_locale":"en_GB","og_type":"article","og_title":"Pol\u00edtica de Reservas - Islamorada","og_description":"Condiciones de la Reserva &#8211; Duraci\u00f3n de las reservas: Todas las reservas realizadas en Islamorada Tapas Bar tienen una duraci\u00f3n m\u00e1xima de 1 hora y 30 minutos desde la hora confirmada. &#8211; Pr\u00f3rroga de la reserva: En caso de que haya disponibilidad, ser\u00e1 posible extender el tiempo asignado a la mesa. Esta ampliaci\u00f3n ser\u00e1 evaluada [&hellip;]","og_url":"https:\/\/islamoradatapasbar.com\/en\/politica-de-reservas\/","og_site_name":"Islamorada","article_publisher":"https:\/\/www.facebook.com\/islamoratapasbar\/","article_modified_time":"2024-11-27T15:46:20+00:00","twitter_card":"summary_large_image","twitter_site":"@islamoradatapas","twitter_misc":{"Estimated reading time":"1 minute"},"schema":{"@context":"https:\/\/schema.org","@graph":[{"@type":"WebPage","@id":"https:\/\/islamoradatapasbar.com\/politica-de-reservas\/","url":"https:\/\/islamoradatapasbar.com\/politica-de-reservas\/","name":"Booking Policy - Islamorada","isPartOf":{"@id":"https:\/\/islamoradatapasbar.com\/#website"},"datePublished":"2024-11-27T12:46:47+00:00","dateModified":"2024-11-27T15:46:20+00:00","breadcrumb":{"@id":"https:\/\/islamoradatapasbar.com\/politica-de-reservas\/#breadcrumb"},"inLanguage":"en-GB","potentialAction":[{"@type":"ReadAction","target":["https:\/\/islamoradatapasbar.com\/politica-de-reservas\/"]}]},{"@type":"BreadcrumbList","@id":"https:\/\/islamoradatapasbar.com\/politica-de-reservas\/#breadcrumb","itemListElement":[{"@type":"ListItem","position":1,"name":"Home","item":"https:\/\/islamoradatapasbar.com\/"},{"@type":"ListItem","position":2,"name":"Pol\u00edtica de Reservas"}]},{"@type":"WebSite","@id":"https:\/\/islamoradatapasbar.com\/#website","url":"https:\/\/islamoradatapasbar.com\/","name":"Islamorada","description":"","publisher":{"@id":"https:\/\/islamoradatapasbar.com\/#organization"},"potentialAction":[{"@type":"SearchAction","target":{"@type":"EntryPoint","urlTemplate":"https:\/\/islamoradatapasbar.com\/?s={search_term_string}"},"query-input":{"@type":"PropertyValueSpecification","valueRequired":true,"valueName":"search_term_string"}}],"inLanguage":"en-GB"},{"@type":"Organization","@id":"https:\/\/islamoradatapasbar.com\/#organization","name":"Islamorada","url":"https:\/\/islamoradatapasbar.com\/","logo":{"@type":"ImageObject","inLanguage":"en-GB","@id":"https:\/\/islamoradatapasbar.com\/#\/schema\/logo\/image\/","url":"https:\/\/islamoradatapasbar.com\/wp-content\/uploads\/2023\/07\/logo-islamorada.png","contentUrl":"https:\/\/islamoradatapasbar.com\/wp-content\/uploads\/2023\/07\/logo-islamorada.png","width":681,"height":210,"caption":"Islamorada"},"image":{"@id":"https:\/\/islamoradatapasbar.com\/#\/schema\/logo\/image\/"},"sameAs":["https:\/\/www.facebook.com\/islamoratapasbar\/","https:\/\/x.com\/islamoradatapas","https:\/\/www.instagram.com\/islamoradatapasbar\/?hl=es"]}]}},"_links":{"self":[{"href":"https:\/\/islamoradatapasbar.com\/en\/wp-json\/wp\/v2\/pages\/913","targetHints":{"allow":["GET"]}}],"collection":[{"href":"https:\/\/islamoradatapasbar.com\/en\/wp-json\/wp\/v2\/pages"}],"about":[{"href":"https:\/\/islamoradatapasbar.com\/en\/wp-json\/wp\/v2\/types\/page"}],"author":[{"embeddable":true,"href":"https:\/\/islamoradatapasbar.com\/en\/wp-json\/wp\/v2\/users\/5"}],"replies":[{"embeddable":true,"href":"https:\/\/islamoradatapasbar.com\/en\/wp-json\/wp\/v2\/comments?post=913"}],"version-history":[{"count":16,"href":"https:\/\/islamoradatapasbar.com\/en\/wp-json\/wp\/v2\/pages\/913\/revisions"}],"predecessor-version":[{"id":931,"href":"https:\/\/islamoradatapasbar.com\/en\/wp-json\/wp\/v2\/pages\/913\/revisions\/931"}],"wp:attachment":[{"href":"https:\/\/islamoradatapasbar.com\/en\/wp-json\/wp\/v2\/media?parent=913"}],"curies":[{"name":"wp","href":"https:\/\/api.w.org\/{rel}","templated":true}]}}